{"id":1050,"date":"2023-09-26T17:02:50","date_gmt":"2023-09-26T14:02:50","guid":{"rendered":"https:\/\/montalbetti.com\/?page_id=1050"},"modified":"2023-12-18T13:22:35","modified_gmt":"2023-12-18T10:22:35","slug":"jobs","status":"publish","type":"page","link":"https:\/\/montalbetti.com\/de\/jobs\/","title":{"rendered":"Karriere bei Montalbetti Partners"},"content":{"rendered":"<h3>Research Consultant (w\/m\/d)<\/h3>\n<p>Montalbetti Partners ist eine Executive Search Personalberatung \u2013 spezialisiert auf Beratungsh\u00e4user, Finanzdienstleister und wachstumsorientierte Unternehmen. Unser Team besteht aus ehemaligen Unternehmensberatern (Strategie- und Managementberatung) und Bankern, die heute mit Leidenschaft Personalberater sind. Durch einen hohen Qualit\u00e4tsanspruch, pers\u00f6nliche Beratung und unsere Branchenfokussierung, haben wir einen beachtlichen Kundenstamm entwickelt, der von den f\u00fchrenden Strategie- und Managementberatungen, IT-nahen Managementberatungen bis zu Gro\u00dfbanken und Start-ups reicht.<\/p>\n<p><img loading=\"lazy\" decoding=\"async\" class=\"wp-image-1060 alignnone\" src=\"https:\/\/montalbetti.com\/wp-content\/uploads\/2023\/09\/atmo-2023_0071-1024x683.jpg\" alt=\"\" width=\"980\" height=\"654\" srcset=\"https:\/\/montalbetti.com\/wp-content\/uploads\/2023\/09\/atmo-2023_0071-1024x683.jpg 1024w, https:\/\/montalbetti.com\/wp-content\/uploads\/2023\/09\/atmo-2023_0071-2048x1365.jpg 2048w, https:\/\/montalbetti.com\/wp-content\/uploads\/2023\/09\/atmo-2023_0071-300x200.jpg 300w, https:\/\/montalbetti.com\/wp-content\/uploads\/2023\/09\/atmo-2023_0071-768x512.jpg 768w, https:\/\/montalbetti.com\/wp-content\/uploads\/2023\/09\/atmo-2023_0071-1536x1024.jpg 1536w\" sizes=\"auto, (max-width: 980px) 100vw, 980px\" \/><\/p>\n<h4>Positionsprofil<\/h4>\n<ul>\n<li>Als Researcher arbeitest Du eng mit unseren Beratern in den Executive Search Projekten. Deine Hauptaufgabe besteht in der Identifikation und Direktansprache potenzieller Kandidaten f\u00fcr unsere Klienten aus der Beratung und Bankenbranche. Dabei gehst Du sehr strukturiert vor, in dem Du erst am Briefing mit unseren Auftraggebern teilnimmst, an der Erstellung der Positionsbeschreibung und dem Anforderungsprofil mitwirkst. Danach folgt die Ausarbeitung einer Suchstrategie und die Identifikation potenzieller Kandidaten (Erstellung der Longlist). Die Ansprache der Kandidaten erfolgt im Tandem mit unseren Beratern, die Kandidateninterviews und Pr\u00e4sentationen begleitest Du mit<\/li>\n<li>Neben dem klassischen Executive Search, f\u00fchren wir Management Audits und Assessment durch, an denen Du ebenfalls mitwirken kannst<\/li>\n<li>Unser Unternehmen w\u00e4chst derzeit stark, daher \u00fcbernimmt jeder Mitarbeiter neben Suchmandaten noch diverse interne Sonderprojekte in den Themen Business Development, Marketing, Prozesse, Qualit\u00e4t und Datenmanagement<\/li>\n<li>Wir arbeiten sehr digital und nutzen diverse Tools (Analytics und Robotics), die unsere t\u00e4gliche Arbeit erleichtern. Wenn Du technisch affin bist, kannst Du Dich auch in diesen Themen einbringen<\/li>\n<\/ul>\n<h4>Kandidat<\/h4>\n<ul>\n<li>Erfolgreich abgeschlossener Bachelor oder Master der Wirtschafts- oder Sozialwissenschaften (Psychologie, BWL) bevorzugt mit Schwerpunkt HR oder eine vergleichbare Qualifikation<\/li>\n<li>Ausgepr\u00e4gte kommunikative F\u00e4higkeiten, Organisationsst\u00e4rke und eine strukturierte Arbeitsweise<\/li>\n<li>Gutes Auftreten, solides Wertesystem: bodenst\u00e4ndig, weltoffen, neugierig und verl\u00e4sslich<\/li>\n<li>Hohe Eigenmotivation, Beharrlichkeit und \u00dcberzeugungsst\u00e4rke<\/li>\n<li>Sicherer Umgang mit MS Office-Produkten, Datenbanken, Social Media (LinkedIn)<\/li>\n<li>Sehr gute Deutsch- und Englischkenntnisse in Wort und Schrift<\/li>\n<\/ul>\n<h4>Was wir dir bieten<\/h4>\n<ul>\n<li>Abwechslungsreiche T\u00e4tigkeit in einem renommierten dienstleistungs-orientierten Umfeld<\/li>\n<li>Perspektiven zur fachlichen Weiterentwicklung<\/li>\n<li>Einkommen mit erfolgsabh\u00e4ngiger Komponente<\/li>\n<li>Eigenverantwortliches, selbstst\u00e4ndiges Arbeiten, ein tolles Team, Homeoffice M\u00f6glichkeiten sowie ein B\u00fcro im Herzen von Frankfurt<\/li>\n<\/ul>\n<p>&nbsp;<\/p>\n<p>Bei Interesse wende Dich bitte an <a href=\"https:\/\/montalbetti.com\/team-member\/katja-ruppel\/\">Katja Ruppel<\/a><\/p>\n","protected":false},"excerpt":{"rendered":"<p>Research Consultant (w\/m\/d) Montalbetti Partners ist eine Executive Search Personalberatung \u2013 spezialisiert auf Beratungsh\u00e4user, Finanzdienstleister und wachstumsorientierte Unternehmen. Unser Team besteht aus ehemaligen Unternehmensberatern (Strategie- und Managementberatung) und Bankern, die heute mit Leidenschaft Personalberater sind. Durch einen hohen Qualit\u00e4tsanspruch, pers\u00f6nliche Beratung und unsere Branchenfokussierung, haben wir einen beachtlichen Kundenstamm entwickelt, der von den f\u00fchrenden Strategie- &hellip; <a href=\"https:\/\/montalbetti.com\/de\/jobs\/\">Continued<\/a><\/p>\n","protected":false},"author":2,"featured_media":1056,"parent":0,"menu_order":0,"comment_status":"closed","ping_status":"closed","template":"","meta":{"footnotes":""},"class_list":["post-1050","page","type-page","status-publish","has-post-thumbnail","hentry"],"acf":[],"yoast_head":"<!-- This site is optimized with the Yoast SEO Premium plugin v27.2 (Yoast SEO v27.2) - https:\/\/yoast.com\/product\/yoast-seo-premium-wordpress\/ -->\n<title>Karriere bei Montalbetti Partners - Montalbetti Partners<\/title>\n<meta name=\"robots\" content=\"index, follow, max-snippet:-1, max-image-preview:large, max-video-preview:-1\" \/>\n<link rel=\"canonical\" href=\"https:\/\/montalbetti.com\/de\/jobs\/\" \/>\n<meta property=\"og:locale\" content=\"de_DE\" \/>\n<meta property=\"og:type\" content=\"article\" \/>\n<meta property=\"og:title\" content=\"Karriere bei Montalbetti Partners - Montalbetti Partners\" \/>\n<meta property=\"og:description\" content=\"Research Consultant (w\/m\/d) Montalbetti Partners ist eine Executive Search Personalberatung \u2013 spezialisiert auf Beratungsh\u00e4user, Finanzdienstleister und wachstumsorientierte Unternehmen. Unser Team besteht aus ehemaligen Unternehmensberatern (Strategie- und Managementberatung) und Bankern, die heute mit Leidenschaft Personalberater sind. Durch einen hohen Qualit\u00e4tsanspruch, pers\u00f6nliche Beratung und unsere Branchenfokussierung, haben wir einen beachtlichen Kundenstamm entwickelt, der von den f\u00fchrenden Strategie- &hellip; Continued\" \/>\n<meta property=\"og:url\" content=\"https:\/\/montalbetti.com\/de\/jobs\/\" \/>\n<meta property=\"og:site_name\" content=\"Montalbetti Partners\" \/>\n<meta property=\"article:modified_time\" content=\"2023-12-18T10:22:35+00:00\" \/>\n<meta property=\"og:image\" content=\"https:\/\/montalbetti.com\/wp-content\/uploads\/2023\/09\/atmo-2023_0074_fav-1-scaled.jpg\" \/>\n\t<meta property=\"og:image:width\" content=\"2560\" \/>\n\t<meta property=\"og:image:height\" content=\"1707\" \/>\n\t<meta property=\"og:image:type\" content=\"image\/jpeg\" \/>\n<meta name=\"twitter:card\" content=\"summary_large_image\" \/>\n<meta name=\"twitter:label1\" content=\"Gesch\u00e4tzte Lesezeit\" \/>\n\t<meta name=\"twitter:data1\" content=\"2\u00a0Minuten\" \/>\n<script type=\"application\/ld+json\" class=\"yoast-schema-graph\">{\"@context\":\"https:\/\/schema.org\",\"@graph\":[{\"@type\":\"WebPage\",\"@id\":\"https:\/\/montalbetti.com\/de\/jobs\/\",\"url\":\"https:\/\/montalbetti.com\/de\/jobs\/\",\"name\":\"Karriere bei Montalbetti Partners - Montalbetti Partners\",\"isPartOf\":{\"@id\":\"https:\/\/montalbetti.com\/de\/#website\"},\"primaryImageOfPage\":{\"@id\":\"https:\/\/montalbetti.com\/de\/jobs\/#primaryimage\"},\"image\":{\"@id\":\"https:\/\/montalbetti.com\/de\/jobs\/#primaryimage\"},\"thumbnailUrl\":\"https:\/\/montalbetti.com\/wp-content\/uploads\/2023\/09\/atmo-2023_0074_fav-1-scaled.jpg\",\"datePublished\":\"2023-09-26T14:02:50+00:00\",\"dateModified\":\"2023-12-18T10:22:35+00:00\",\"inLanguage\":\"de\",\"potentialAction\":[{\"@type\":\"ReadAction\",\"target\":[\"https:\/\/montalbetti.com\/de\/jobs\/\"]}]},{\"@type\":\"ImageObject\",\"inLanguage\":\"de\",\"@id\":\"https:\/\/montalbetti.com\/de\/jobs\/#primaryimage\",\"url\":\"https:\/\/montalbetti.com\/wp-content\/uploads\/2023\/09\/atmo-2023_0074_fav-1-scaled.jpg\",\"contentUrl\":\"https:\/\/montalbetti.com\/wp-content\/uploads\/2023\/09\/atmo-2023_0074_fav-1-scaled.jpg\",\"width\":2560,\"height\":1707},{\"@type\":\"WebSite\",\"@id\":\"https:\/\/montalbetti.com\/de\/#website\",\"url\":\"https:\/\/montalbetti.com\/de\/\",\"name\":\"Montalbetti Partners\",\"description\":\"We are your trusted executive search consultants\",\"potentialAction\":[{\"@type\":\"SearchAction\",\"target\":{\"@type\":\"EntryPoint\",\"urlTemplate\":\"https:\/\/montalbetti.com\/de\/?s={search_term_string}\"},\"query-input\":{\"@type\":\"PropertyValueSpecification\",\"valueRequired\":true,\"valueName\":\"search_term_string\"}}],\"inLanguage\":\"de\"}]}<\/script>\n<!-- \/ Yoast SEO Premium plugin. -->","yoast_head_json":{"title":"Karriere bei Montalbetti Partners - Montalbetti Partners","robots":{"index":"index","follow":"follow","max-snippet":"max-snippet:-1","max-image-preview":"max-image-preview:large","max-video-preview":"max-video-preview:-1"},"canonical":"https:\/\/montalbetti.com\/de\/jobs\/","og_locale":"de_DE","og_type":"article","og_title":"Karriere bei Montalbetti Partners - Montalbetti Partners","og_description":"Research Consultant (w\/m\/d) Montalbetti Partners ist eine Executive Search Personalberatung \u2013 spezialisiert auf Beratungsh\u00e4user, Finanzdienstleister und wachstumsorientierte Unternehmen. Unser Team besteht aus ehemaligen Unternehmensberatern (Strategie- und Managementberatung) und Bankern, die heute mit Leidenschaft Personalberater sind. Durch einen hohen Qualit\u00e4tsanspruch, pers\u00f6nliche Beratung und unsere Branchenfokussierung, haben wir einen beachtlichen Kundenstamm entwickelt, der von den f\u00fchrenden Strategie- &hellip; Continued","og_url":"https:\/\/montalbetti.com\/de\/jobs\/","og_site_name":"Montalbetti Partners","article_modified_time":"2023-12-18T10:22:35+00:00","og_image":[{"width":2560,"height":1707,"url":"https:\/\/montalbetti.com\/wp-content\/uploads\/2023\/09\/atmo-2023_0074_fav-1-scaled.jpg","type":"image\/jpeg"}],"twitter_card":"summary_large_image","twitter_misc":{"Gesch\u00e4tzte Lesezeit":"2\u00a0Minuten"},"schema":{"@context":"https:\/\/schema.org","@graph":[{"@type":"WebPage","@id":"https:\/\/montalbetti.com\/de\/jobs\/","url":"https:\/\/montalbetti.com\/de\/jobs\/","name":"Karriere bei Montalbetti Partners - Montalbetti Partners","isPartOf":{"@id":"https:\/\/montalbetti.com\/de\/#website"},"primaryImageOfPage":{"@id":"https:\/\/montalbetti.com\/de\/jobs\/#primaryimage"},"image":{"@id":"https:\/\/montalbetti.com\/de\/jobs\/#primaryimage"},"thumbnailUrl":"https:\/\/montalbetti.com\/wp-content\/uploads\/2023\/09\/atmo-2023_0074_fav-1-scaled.jpg","datePublished":"2023-09-26T14:02:50+00:00","dateModified":"2023-12-18T10:22:35+00:00","inLanguage":"de","potentialAction":[{"@type":"ReadAction","target":["https:\/\/montalbetti.com\/de\/jobs\/"]}]},{"@type":"ImageObject","inLanguage":"de","@id":"https:\/\/montalbetti.com\/de\/jobs\/#primaryimage","url":"https:\/\/montalbetti.com\/wp-content\/uploads\/2023\/09\/atmo-2023_0074_fav-1-scaled.jpg","contentUrl":"https:\/\/montalbetti.com\/wp-content\/uploads\/2023\/09\/atmo-2023_0074_fav-1-scaled.jpg","width":2560,"height":1707},{"@type":"WebSite","@id":"https:\/\/montalbetti.com\/de\/#website","url":"https:\/\/montalbetti.com\/de\/","name":"Montalbetti Partners","description":"We are your trusted executive search consultants","potentialAction":[{"@type":"SearchAction","target":{"@type":"EntryPoint","urlTemplate":"https:\/\/montalbetti.com\/de\/?s={search_term_string}"},"query-input":{"@type":"PropertyValueSpecification","valueRequired":true,"valueName":"search_term_string"}}],"inLanguage":"de"}]}},"_links":{"self":[{"href":"https:\/\/montalbetti.com\/de\/wp-json\/wp\/v2\/pages\/1050","targetHints":{"allow":["GET"]}}],"collection":[{"href":"https:\/\/montalbetti.com\/de\/wp-json\/wp\/v2\/pages"}],"about":[{"href":"https:\/\/montalbetti.com\/de\/wp-json\/wp\/v2\/types\/page"}],"author":[{"embeddable":true,"href":"https:\/\/montalbetti.com\/de\/wp-json\/wp\/v2\/users\/2"}],"replies":[{"embeddable":true,"href":"https:\/\/montalbetti.com\/de\/wp-json\/wp\/v2\/comments?post=1050"}],"version-history":[{"count":9,"href":"https:\/\/montalbetti.com\/de\/wp-json\/wp\/v2\/pages\/1050\/revisions"}],"predecessor-version":[{"id":1065,"href":"https:\/\/montalbetti.com\/de\/wp-json\/wp\/v2\/pages\/1050\/revisions\/1065"}],"wp:featuredmedia":[{"embeddable":true,"href":"https:\/\/montalbetti.com\/de\/wp-json\/wp\/v2\/media\/1056"}],"wp:attachment":[{"href":"https:\/\/montalbetti.com\/de\/wp-json\/wp\/v2\/media?parent=1050"}],"curies":[{"name":"wp","href":"https:\/\/api.w.org\/{rel}","templated":true}]}}