{"id":1033,"date":"2022-09-23T16:50:30","date_gmt":"2022-09-23T13:50:30","guid":{"rendered":"https:\/\/montalbetti.com\/imprint\/"},"modified":"2024-12-02T12:00:46","modified_gmt":"2024-12-02T09:00:46","slug":"impressum","status":"publish","type":"page","link":"https:\/\/montalbetti.com\/de\/impressum\/","title":{"rendered":"Impressum"},"content":{"rendered":"<p>Montalbetti Partners GmbH<br \/>\nHochstrasse 31<br \/>\n60313 Frankfurt<\/p>\n<p>Tel. +49 69 2193898 0<br \/>\nE-mail: hello@montalbetti.com<\/p>\n<p>Gesch\u00e4ftsf\u00fchrer und Verantwortung gem\u00e4\u00df \u00a75 TMG und \u00a755 RStV:<br \/>\nAleksander Montalbetti, Niklas Ludwig<br \/>\nHRB 8304 Amtsgericht K\u00f6nigstein<br \/>\nSteuernummer: DE312674691<\/p>\n<p>&nbsp;<\/p>\n<h3>Haftung f\u00fcr Inhalte<\/h3>\n<p>Die Inhalte unserer Seiten wurden mit gr\u00f6\u00dfter Sorgfalt erstellt. F\u00fcr die Richtigkeit, Vollst\u00e4ndigkeit und Aktualit\u00e4t der Inhalte k\u00f6nnen wir jedoch keine Gew\u00e4hr \u00fcbernehmen. Als Diensteanbieter sind wir gem\u00e4\u00df \u00a7 7 Abs.1 TMG f\u00fcr eigene Inhalte auf diesen Seiten nach den allgemeinen Gesetzen verantwortlich. Nach \u00a7\u00a7 8 bis 10 TMG sind wir als Diensteanbieter jedoch nicht verpflichtet, \u00fcbermittelte oder gespeicherte fremde Informationen zu \u00fcberwachen oder nach Umst\u00e4nden zu forschen, die auf eine rechtswidrige T\u00e4tigkeit hinweisen. Verpflichtungen zur Entfernung oder Sperrung der Nutzung von Informationen nach den allgemeinen Gesetzen bleiben hiervon unber\u00fchrt. Eine diesbez\u00fcgliche Haftung ist jedoch erst ab dem Zeitpunkt der Kenntnis einer konkreten Rechtsverletzung m\u00f6glich. Bei Bekanntwerden von entsprechenden Rechtsverletzungen werden wir diese Inhalte umgehend entfernen.<\/p>\n<h3>Haftung f\u00fcr Links<\/h3>\n<p>Unser Angebot enth\u00e4lt Links zu externen Webseiten Dritter, auf deren Inhalte wir keinen Einfluss haben. Deshalb k\u00f6nnen wir f\u00fcr diese fremden Inhalte auch keine Gew\u00e4hr \u00fcbernehmen. F\u00fcr die Inhalte der verlinkten Seiten ist stets der jeweilige Anbieter oder Betreiber der Seiten verantwortlich. Die verlinkten Seiten wurden zum Zeitpunkt der Verlinkung auf m\u00f6gliche Rechtsverst\u00f6\u00dfe \u00fcberpr\u00fcft. Rechtswidrige Inhalte waren zum Zeitpunkt der Verlinkung nicht erkennbar. Eine permanente inhaltliche Kontrolle der verlinkten Seiten ist jedoch ohne konkrete Anhaltspunkte einer Rechtsverletzung nicht zumutbar. Bei Bekanntwerden von Rechtsverletzungen werden wir derartige Links umgehend entfernen.<\/p>\n<h3>Urheberrecht<\/h3>\n<p>Die durch die Seitenbetreiber erstellten Inhalte und Werke auf diesen Seiten unterliegen dem deutschen Urheberrecht. Beitr\u00e4ge Dritter sind als solche gekennzeichnet. Die Vervielf\u00e4ltigung, Bearbeitung, Verbreitung und jede Art der Verwertung au\u00dferhalb der Grenzen des Urheberrechtes bed\u00fcrfen der schriftlichen Zustimmung des jeweiligen Autors bzw. Erstellers. Downloads und Kopien dieser Seite sind nur f\u00fcr den privaten, nicht kommerziellen Gebrauch gestattet. Die Betreiber der Seiten sind bem\u00fcht, stets die Urheberrechte anderer zu beachten bzw. auf selbst erstellte sowie lizenzfreie Werke zur\u00fcckzugreifen.<\/p>\n","protected":false},"excerpt":{"rendered":"<p>Montalbetti Partners GmbH Hochstrasse 31 60313 Frankfurt Tel. +49 69 2193898 0 E-mail: hello@montalbetti.com Gesch\u00e4ftsf\u00fchrer und Verantwortung gem\u00e4\u00df \u00a75 TMG und \u00a755 RStV: Aleksander Montalbetti, Niklas Ludwig HRB 8304 Amtsgericht K\u00f6nigstein Steuernummer: DE312674691 &nbsp; Haftung f\u00fcr Inhalte Die Inhalte unserer Seiten wurden mit gr\u00f6\u00dfter Sorgfalt erstellt. F\u00fcr die Richtigkeit, Vollst\u00e4ndigkeit und Aktualit\u00e4t der Inhalte k\u00f6nnen &hellip; <a href=\"https:\/\/montalbetti.com\/de\/impressum\/\">Continued<\/a><\/p>\n","protected":false},"author":1,"featured_media":0,"parent":0,"menu_order":0,"comment_status":"closed","ping_status":"closed","template":"","meta":{"footnotes":""},"class_list":["post-1033","page","type-page","status-publish","hentry"],"acf":[],"yoast_head":"<!-- This site is optimized with the Yoast SEO Premium plugin v27.2 (Yoast SEO v27.2) - https:\/\/yoast.com\/product\/yoast-seo-premium-wordpress\/ -->\n<title>Impressum - Montalbetti Partners<\/title>\n<meta name=\"description\" content=\"Montalbetti Partners GmbH, Hochstrasse 31, 60313 Frankfurt, Tel. +49 69 2193898 0\" \/>\n<meta name=\"robots\" content=\"index, follow, max-snippet:-1, max-image-preview:large, max-video-preview:-1\" \/>\n<link rel=\"canonical\" href=\"https:\/\/montalbetti.com\/de\/impressum\/\" \/>\n<meta property=\"og:locale\" content=\"de_DE\" \/>\n<meta property=\"og:type\" content=\"article\" \/>\n<meta property=\"og:title\" content=\"Impressum - Montalbetti Partners\" \/>\n<meta property=\"og:description\" content=\"Montalbetti Partners GmbH, Hochstrasse 31, 60313 Frankfurt, Tel. +49 69 2193898 0\" \/>\n<meta property=\"og:url\" content=\"https:\/\/montalbetti.com\/de\/impressum\/\" \/>\n<meta property=\"og:site_name\" content=\"Montalbetti Partners\" \/>\n<meta property=\"article:modified_time\" content=\"2024-12-02T09:00:46+00:00\" \/>\n<meta name=\"twitter:card\" content=\"summary_large_image\" \/>\n<meta name=\"twitter:label1\" content=\"Gesch\u00e4tzte Lesezeit\" \/>\n\t<meta name=\"twitter:data1\" content=\"2\u00a0Minuten\" \/>\n<script type=\"application\/ld+json\" class=\"yoast-schema-graph\">{\"@context\":\"https:\/\/schema.org\",\"@graph\":[{\"@type\":\"WebPage\",\"@id\":\"https:\/\/montalbetti.com\/de\/impressum\/\",\"url\":\"https:\/\/montalbetti.com\/de\/impressum\/\",\"name\":\"Impressum - Montalbetti Partners\",\"isPartOf\":{\"@id\":\"https:\/\/montalbetti.com\/de\/#website\"},\"datePublished\":\"2022-09-23T13:50:30+00:00\",\"dateModified\":\"2024-12-02T09:00:46+00:00\",\"description\":\"Montalbetti Partners GmbH, Hochstrasse 31, 60313 Frankfurt, Tel. +49 69 2193898 0\",\"inLanguage\":\"de\",\"potentialAction\":[{\"@type\":\"ReadAction\",\"target\":[\"https:\/\/montalbetti.com\/de\/impressum\/\"]}]},{\"@type\":\"WebSite\",\"@id\":\"https:\/\/montalbetti.com\/de\/#website\",\"url\":\"https:\/\/montalbetti.com\/de\/\",\"name\":\"Montalbetti Partners\",\"description\":\"We are your trusted executive search consultants\",\"potentialAction\":[{\"@type\":\"SearchAction\",\"target\":{\"@type\":\"EntryPoint\",\"urlTemplate\":\"https:\/\/montalbetti.com\/de\/?s={search_term_string}\"},\"query-input\":{\"@type\":\"PropertyValueSpecification\",\"valueRequired\":true,\"valueName\":\"search_term_string\"}}],\"inLanguage\":\"de\"}]}<\/script>\n<!-- \/ Yoast SEO Premium plugin. -->","yoast_head_json":{"title":"Impressum - Montalbetti Partners","description":"Montalbetti Partners GmbH, Hochstrasse 31, 60313 Frankfurt, Tel. +49 69 2193898 0","robots":{"index":"index","follow":"follow","max-snippet":"max-snippet:-1","max-image-preview":"max-image-preview:large","max-video-preview":"max-video-preview:-1"},"canonical":"https:\/\/montalbetti.com\/de\/impressum\/","og_locale":"de_DE","og_type":"article","og_title":"Impressum - Montalbetti Partners","og_description":"Montalbetti Partners GmbH, Hochstrasse 31, 60313 Frankfurt, Tel. +49 69 2193898 0","og_url":"https:\/\/montalbetti.com\/de\/impressum\/","og_site_name":"Montalbetti Partners","article_modified_time":"2024-12-02T09:00:46+00:00","twitter_card":"summary_large_image","twitter_misc":{"Gesch\u00e4tzte Lesezeit":"2\u00a0Minuten"},"schema":{"@context":"https:\/\/schema.org","@graph":[{"@type":"WebPage","@id":"https:\/\/montalbetti.com\/de\/impressum\/","url":"https:\/\/montalbetti.com\/de\/impressum\/","name":"Impressum - Montalbetti Partners","isPartOf":{"@id":"https:\/\/montalbetti.com\/de\/#website"},"datePublished":"2022-09-23T13:50:30+00:00","dateModified":"2024-12-02T09:00:46+00:00","description":"Montalbetti Partners GmbH, Hochstrasse 31, 60313 Frankfurt, Tel. +49 69 2193898 0","inLanguage":"de","potentialAction":[{"@type":"ReadAction","target":["https:\/\/montalbetti.com\/de\/impressum\/"]}]},{"@type":"WebSite","@id":"https:\/\/montalbetti.com\/de\/#website","url":"https:\/\/montalbetti.com\/de\/","name":"Montalbetti Partners","description":"We are your trusted executive search consultants","potentialAction":[{"@type":"SearchAction","target":{"@type":"EntryPoint","urlTemplate":"https:\/\/montalbetti.com\/de\/?s={search_term_string}"},"query-input":{"@type":"PropertyValueSpecification","valueRequired":true,"valueName":"search_term_string"}}],"inLanguage":"de"}]}},"_links":{"self":[{"href":"https:\/\/montalbetti.com\/de\/wp-json\/wp\/v2\/pages\/1033","targetHints":{"allow":["GET"]}}],"collection":[{"href":"https:\/\/montalbetti.com\/de\/wp-json\/wp\/v2\/pages"}],"about":[{"href":"https:\/\/montalbetti.com\/de\/wp-json\/wp\/v2\/types\/page"}],"author":[{"embeddable":true,"href":"https:\/\/montalbetti.com\/de\/wp-json\/wp\/v2\/users\/1"}],"replies":[{"embeddable":true,"href":"https:\/\/montalbetti.com\/de\/wp-json\/wp\/v2\/comments?post=1033"}],"version-history":[{"count":3,"href":"https:\/\/montalbetti.com\/de\/wp-json\/wp\/v2\/pages\/1033\/revisions"}],"predecessor-version":[{"id":1684,"href":"https:\/\/montalbetti.com\/de\/wp-json\/wp\/v2\/pages\/1033\/revisions\/1684"}],"wp:attachment":[{"href":"https:\/\/montalbetti.com\/de\/wp-json\/wp\/v2\/media?parent=1033"}],"curies":[{"name":"wp","href":"https:\/\/api.w.org\/{rel}","templated":true}]}}