{"id":1010,"date":"2022-09-27T09:19:41","date_gmt":"2022-09-27T06:19:41","guid":{"rendered":"https:\/\/montalbetti.com\/team-members\/"},"modified":"2025-07-04T16:17:25","modified_gmt":"2025-07-04T13:17:25","slug":"team-headhunter-berater-banker","status":"publish","type":"page","link":"https:\/\/montalbetti.com\/de\/team-headhunter-berater-banker\/","title":{"rendered":"Team"},"content":{"rendered":"","protected":false},"excerpt":{"rendered":"","protected":false},"author":1,"featured_media":0,"parent":0,"menu_order":0,"comment_status":"closed","ping_status":"closed","template":"views\/template-custom.blade.php","meta":{"footnotes":""},"class_list":["post-1010","page","type-page","status-publish","hentry"],"acf":[],"yoast_head":"<!-- This site is optimized with the Yoast SEO Premium plugin v27.2 (Yoast SEO v27.2) - https:\/\/yoast.com\/product\/yoast-seo-premium-wordpress\/ -->\n<title>Team - Montalbetti Partners<\/title>\n<meta name=\"description\" content=\"Wir sind ein Team aus spezialisierten Headhuntern, bestehend aus ehemaligen Beratern und Bankern, das \u00fcber ein tiefgehendes Verst\u00e4ndnis der Branchenlandschaft sowie der einzigartigen Herausforderungen unserer Klienten verf\u00fcgt.\" \/>\n<meta name=\"robots\" content=\"index, follow, max-snippet:-1, max-image-preview:large, max-video-preview:-1\" \/>\n<link rel=\"canonical\" href=\"https:\/\/montalbetti.com\/de\/team-headhunter-berater-banker\/\" \/>\n<meta property=\"og:locale\" content=\"de_DE\" \/>\n<meta property=\"og:type\" content=\"article\" \/>\n<meta property=\"og:title\" content=\"Team - Montalbetti Partners\" \/>\n<meta property=\"og:description\" content=\"Wir sind ein Team aus spezialisierten Headhuntern, bestehend aus ehemaligen Beratern und Bankern, das \u00fcber ein tiefgehendes Verst\u00e4ndnis der Branchenlandschaft sowie der einzigartigen Herausforderungen unserer Klienten verf\u00fcgt.\" \/>\n<meta property=\"og:url\" content=\"https:\/\/montalbetti.com\/de\/team-headhunter-berater-banker\/\" \/>\n<meta property=\"og:site_name\" content=\"Montalbetti Partners\" \/>\n<meta property=\"article:modified_time\" content=\"2025-07-04T13:17:25+00:00\" \/>\n<meta name=\"twitter:card\" content=\"summary_large_image\" \/>\n<script type=\"application\/ld+json\" class=\"yoast-schema-graph\">{\"@context\":\"https:\/\/schema.org\",\"@graph\":[{\"@type\":\"WebPage\",\"@id\":\"https:\/\/montalbetti.com\/de\/team-headhunter-berater-banker\/\",\"url\":\"https:\/\/montalbetti.com\/de\/team-headhunter-berater-banker\/\",\"name\":\"Team - Montalbetti Partners\",\"isPartOf\":{\"@id\":\"https:\/\/montalbetti.com\/de\/#website\"},\"datePublished\":\"2022-09-27T06:19:41+00:00\",\"dateModified\":\"2025-07-04T13:17:25+00:00\",\"description\":\"Wir sind ein Team aus spezialisierten Headhuntern, bestehend aus ehemaligen Beratern und Bankern, das \u00fcber ein tiefgehendes Verst\u00e4ndnis der Branchenlandschaft sowie der einzigartigen Herausforderungen unserer Klienten verf\u00fcgt.\",\"inLanguage\":\"de\",\"potentialAction\":[{\"@type\":\"ReadAction\",\"target\":[\"https:\/\/montalbetti.com\/de\/team-headhunter-berater-banker\/\"]}]},{\"@type\":\"WebSite\",\"@id\":\"https:\/\/montalbetti.com\/de\/#website\",\"url\":\"https:\/\/montalbetti.com\/de\/\",\"name\":\"Montalbetti Partners\",\"description\":\"We are your trusted executive search consultants\",\"potentialAction\":[{\"@type\":\"SearchAction\",\"target\":{\"@type\":\"EntryPoint\",\"urlTemplate\":\"https:\/\/montalbetti.com\/de\/?s={search_term_string}\"},\"query-input\":{\"@type\":\"PropertyValueSpecification\",\"valueRequired\":true,\"valueName\":\"search_term_string\"}}],\"inLanguage\":\"de\"}]}<\/script>\n<!-- \/ Yoast SEO Premium plugin. -->","yoast_head_json":{"title":"Team - Montalbetti Partners","description":"Wir sind ein Team aus spezialisierten Headhuntern, bestehend aus ehemaligen Beratern und Bankern, das \u00fcber ein tiefgehendes Verst\u00e4ndnis der Branchenlandschaft sowie der einzigartigen Herausforderungen unserer Klienten verf\u00fcgt.","robots":{"index":"index","follow":"follow","max-snippet":"max-snippet:-1","max-image-preview":"max-image-preview:large","max-video-preview":"max-video-preview:-1"},"canonical":"https:\/\/montalbetti.com\/de\/team-headhunter-berater-banker\/","og_locale":"de_DE","og_type":"article","og_title":"Team - Montalbetti Partners","og_description":"Wir sind ein Team aus spezialisierten Headhuntern, bestehend aus ehemaligen Beratern und Bankern, das \u00fcber ein tiefgehendes Verst\u00e4ndnis der Branchenlandschaft sowie der einzigartigen Herausforderungen unserer Klienten verf\u00fcgt.","og_url":"https:\/\/montalbetti.com\/de\/team-headhunter-berater-banker\/","og_site_name":"Montalbetti Partners","article_modified_time":"2025-07-04T13:17:25+00:00","twitter_card":"summary_large_image","schema":{"@context":"https:\/\/schema.org","@graph":[{"@type":"WebPage","@id":"https:\/\/montalbetti.com\/de\/team-headhunter-berater-banker\/","url":"https:\/\/montalbetti.com\/de\/team-headhunter-berater-banker\/","name":"Team - Montalbetti Partners","isPartOf":{"@id":"https:\/\/montalbetti.com\/de\/#website"},"datePublished":"2022-09-27T06:19:41+00:00","dateModified":"2025-07-04T13:17:25+00:00","description":"Wir sind ein Team aus spezialisierten Headhuntern, bestehend aus ehemaligen Beratern und Bankern, das \u00fcber ein tiefgehendes Verst\u00e4ndnis der Branchenlandschaft sowie der einzigartigen Herausforderungen unserer Klienten verf\u00fcgt.","inLanguage":"de","potentialAction":[{"@type":"ReadAction","target":["https:\/\/montalbetti.com\/de\/team-headhunter-berater-banker\/"]}]},{"@type":"WebSite","@id":"https:\/\/montalbetti.com\/de\/#website","url":"https:\/\/montalbetti.com\/de\/","name":"Montalbetti Partners","description":"We are your trusted executive search consultants","potentialAction":[{"@type":"SearchAction","target":{"@type":"EntryPoint","urlTemplate":"https:\/\/montalbetti.com\/de\/?s={search_term_string}"},"query-input":{"@type":"PropertyValueSpecification","valueRequired":true,"valueName":"search_term_string"}}],"inLanguage":"de"}]}},"_links":{"self":[{"href":"https:\/\/montalbetti.com\/de\/wp-json\/wp\/v2\/pages\/1010","targetHints":{"allow":["GET"]}}],"collection":[{"href":"https:\/\/montalbetti.com\/de\/wp-json\/wp\/v2\/pages"}],"about":[{"href":"https:\/\/montalbetti.com\/de\/wp-json\/wp\/v2\/types\/page"}],"author":[{"embeddable":true,"href":"https:\/\/montalbetti.com\/de\/wp-json\/wp\/v2\/users\/1"}],"replies":[{"embeddable":true,"href":"https:\/\/montalbetti.com\/de\/wp-json\/wp\/v2\/comments?post=1010"}],"version-history":[{"count":7,"href":"https:\/\/montalbetti.com\/de\/wp-json\/wp\/v2\/pages\/1010\/revisions"}],"predecessor-version":[{"id":1819,"href":"https:\/\/montalbetti.com\/de\/wp-json\/wp\/v2\/pages\/1010\/revisions\/1819"}],"wp:attachment":[{"href":"https:\/\/montalbetti.com\/de\/wp-json\/wp\/v2\/media?parent=1010"}],"curies":[{"name":"wp","href":"https:\/\/api.w.org\/{rel}","templated":true}]}}